{"id":2,"date":"2014-05-11T17:31:04","date_gmt":"2014-05-11T15:31:04","guid":{"rendered":"http:\/\/localhost\/wordpress\/?page_id=2"},"modified":"2023-05-09T19:43:19","modified_gmt":"2023-05-09T19:43:19","slug":"beispiel-seite","status":"publish","type":"page","link":"https:\/\/theaterverein-ffb.de\/?page_id=2","title":{"rendered":"Unsere Ziele"},"content":{"rendered":"<p>Wir glauben an den kulturellen Auftrag des Theaters. Theater kann einmalige Erlebnisse schaffen, Menschen zusammenbringen und Diskussionen \u00fcber wichtige gesellschaftliche Themen ansto\u00dfen.<\/p>\n<p>Wir wollen Kunst und Kultur f\u00f6rdern und dazu beitragen, dass in F\u00fcrstenfeldbruck weiterhin hochkar\u00e4tige Theaterveranstaltungen zur Auff\u00fchrung kommen.<\/p>\n<p>Wir m\u00f6chten durch unsere Mitgliedsbeitr\u00e4ge und Spenden und durch die Akquise zus\u00e4tzlicher Finanzmittel (Sponsorengelder, Zusch\u00fcsse, etc.) Qualit\u00e4t und Umfang der F\u00fcrstenfeldbrucker Theaterlandschaft sichern und ausbauen.<\/p>\n<p>Wir m\u00f6chten ein Forum f\u00fcr Theaterfreunde schaffen, bei dem man sich kennen lernen, austauschen und weiterbilden kann, bei dem man kreative Ideen zur Unterst\u00fctzung von Kunst und Kultur entwickelt oder einfach einen sch\u00f6nen Abend mit Gleichgesinnten verbringt.<\/p>\n","protected":false},"excerpt":{"rendered":"<p>Wir glauben an den kulturellen Auftrag des Theaters. Theater kann einmalige Erlebnisse schaffen, Menschen zusammenbringen und Diskussionen \u00fcber wichtige gesellschaftliche Themen ansto\u00dfen. Wir wollen Kunst und Kultur f\u00f6rdern und dazu beitragen, dass in F\u00fcrstenfeldbruck weiterhin hochkar\u00e4tige Theaterveranstaltungen zur Auff\u00fchrung kommen. &hellip; <a href=\"https:\/\/theaterverein-ffb.de\/?page_id=2\">Weiterlesen <span class=\"meta-nav\">&rarr;<\/span><\/a><\/p>\n","protected":false},"author":1,"featured_media":0,"parent":0,"menu_order":1,"comment_status":"closed","ping_status":"closed","template":"","meta":{"footnotes":""},"_links":{"self":[{"href":"https:\/\/theaterverein-ffb.de\/index.php?rest_route=\/wp\/v2\/pages\/2"}],"collection":[{"href":"https:\/\/theaterverein-ffb.de\/index.php?rest_route=\/wp\/v2\/pages"}],"about":[{"href":"https:\/\/theaterverein-ffb.de\/index.php?rest_route=\/wp\/v2\/types\/page"}],"author":[{"embeddable":true,"href":"https:\/\/theaterverein-ffb.de\/index.php?rest_route=\/wp\/v2\/users\/1"}],"replies":[{"embeddable":true,"href":"https:\/\/theaterverein-ffb.de\/index.php?rest_route=%2Fwp%2Fv2%2Fcomments&post=2"}],"version-history":[{"count":10,"href":"https:\/\/theaterverein-ffb.de\/index.php?rest_route=\/wp\/v2\/pages\/2\/revisions"}],"predecessor-version":[{"id":817,"href":"https:\/\/theaterverein-ffb.de\/index.php?rest_route=\/wp\/v2\/pages\/2\/revisions\/817"}],"wp:attachment":[{"href":"https:\/\/theaterverein-ffb.de\/index.php?rest_route=%2Fwp%2Fv2%2Fmedia&parent=2"}],"curies":[{"name":"wp","href":"https:\/\/api.w.org\/{rel}","templated":true}]}}