{"id":121,"date":"2015-04-29T10:01:35","date_gmt":"2015-04-29T08:01:35","guid":{"rendered":"http:\/\/localhost\/wordpress\/?page_id=121"},"modified":"2025-02-06T20:36:50","modified_gmt":"2025-02-06T20:36:50","slug":"unser-verein","status":"publish","type":"page","link":"https:\/\/theaterverein-ffb.de\/?page_id=121","title":{"rendered":"Vorstand"},"content":{"rendered":"\n<p><a href=\"http:\/\/www.theaterverein-ffb.de\/wp-content\/uploads\/2020\/03\/IMG_9089.jpg\"><img loading=\"lazy\" decoding=\"async\" class=\"wp-image-340 size-medium aligncenter\" src=\"http:\/\/www.theaterverein-ffb.de\/wp-content\/uploads\/2020\/03\/IMG_9089-200x300.jpg\" alt=\"\" width=\"200\" height=\"300\" srcset=\"https:\/\/theaterverein-ffb.de\/wp-content\/uploads\/2020\/03\/IMG_9089-200x300.jpg 200w, https:\/\/theaterverein-ffb.de\/wp-content\/uploads\/2020\/03\/IMG_9089-682x1024.jpg 682w, https:\/\/theaterverein-ffb.de\/wp-content\/uploads\/2020\/03\/IMG_9089-768x1152.jpg 768w, https:\/\/theaterverein-ffb.de\/wp-content\/uploads\/2020\/03\/IMG_9089.jpg 853w\" sizes=\"(max-width: 200px) 100vw, 200px\" \/><\/a><\/p>\n\n\n\n<div id=\"uagb-team-4c71b1f1-3413-48b6-afad-27bb084e06d8\" class=\"wp-block-uagb-team uagb-team uagb-team__outer-wrap uagb-team__image-position-above uagb-team__align-center uagb-team__stack-tablet\">\n<div class=\"uagb-team__wrap\">\n<div class=\"uagb-team__content\">\n<div class=\"uagb-team__image-wrap uagb-team__image-crop-normal\">\u00a0<\/div>\n<div class=\"uagb-team__title-wrap\">\n<h3 class=\"uagb-team__title\">Dr. Klaus Liedel<\/h3>\n<strong><span class=\"uagb-team__prefix\">1. Vorsitzender <\/span><\/strong><\/div>\n<div class=\"uagb-team__desc-wrap\">\n<p>Anfang 2012, nachdem die ersten Vorstellungen der neu initiierten Theaterreihe im Veranstaltungsforum angelaufen waren, fanden sich einige Brucker B\u00fcrger zusammen, um einen Verein zu gr\u00fcnden, der sie unterst\u00fctzen sollte: Einen Platz f\u00fcr die Vorstellungen zu gewinnen und dem Theater, in seinen verschiedenen Auspr\u00e4gungen, einen festen Raum im Leben von Stadt und Landkreis F\u00fcrstenfeldbruck zu sichern &#8211; Geburtsstunde des Theatervereins.<\/p>\n<p>Leider haben Theaterveranstaltungen das Problem, dass sie, wegen des enormen Aufwands z. B. an Schauspielern, Technik und sonstigem Personal, nie kostendeckend arbeiten. Daher war und ist unser Ziel, durch unser Engagement F\u00f6rderm\u00f6glichkeiten zu schaffen, die es erm\u00f6glichen, diesen Fehlbetrag auszugleichen. Durch die Gemeinn\u00fctzigkeit des Theatervereins konnten wir einen gr\u00f6\u00dferen Kreis an \u00f6ffentlichen F\u00f6rderm\u00f6glichkeiten erschlie\u00dfen. Private F\u00f6rderer k\u00f6nnen alle uns zur Verf\u00fcgung gestellten Gelder in voller H\u00f6he von der Steuer absetzen. Dies gilt sowohl f\u00fcr Spenden, als auch f\u00fcr die Mitgliedsbeitr\u00e4ge.<\/p>\n<p>Uns freuen nat\u00fcrlich alle Formen der Unterst\u00fctzung &#8211; finanziell und ideell, kurzfristig und langfristig. Der Unterschied besteht in der Nachhaltigkeit. Der Verein wird getragen von ehrenamtlichen Mitgliedern. Je nachhaltiger, also langfristiger, wir einer Unterst\u00fctzung sicher sein k\u00f6nnen, desto leichter k\u00f6nnen wir zuk\u00fcnftiger Projekte realisieren. Aktuell liegt unser Hauptaugenmerk darauf, das \u00fcber die Grenzen F\u00fcrstenfeldbrucks sehr beliebte Tanzfestival zu gestalten und zu finanzieren.<\/p>\n<p>Es freut uns, wenn unser Engagement Ihr Interesse weckt und es w\u00e4re sch\u00f6n, wenn wir Sie durch unser Engagement anstecken k\u00f6nnten, uns zu unterst\u00fctzen.<\/p>\n<p>\u00a0<\/p>\n<p>\u00a0<\/p>\n<p><a href=\"http:\/\/www.theaterverein-ffb.de\/wp-content\/uploads\/2020\/07\/Carola-2020-07-13_zugeschnitten_aufgehellt.jpg\"><img loading=\"lazy\" decoding=\"async\" class=\"size-medium wp-image-355 aligncenter\" src=\"http:\/\/www.theaterverein-ffb.de\/wp-content\/uploads\/2020\/07\/Carola-2020-07-13_zugeschnitten_aufgehellt-225x300.jpg\" alt=\"\" width=\"225\" height=\"300\" srcset=\"https:\/\/theaterverein-ffb.de\/wp-content\/uploads\/2020\/07\/Carola-2020-07-13_zugeschnitten_aufgehellt-225x300.jpg 225w, https:\/\/theaterverein-ffb.de\/wp-content\/uploads\/2020\/07\/Carola-2020-07-13_zugeschnitten_aufgehellt.jpg 742w\" sizes=\"(max-width: 225px) 100vw, 225px\" \/><\/a><\/p>\n<\/div>\n<\/div>\n<\/div>\n<\/div>\n<p>\u00a0<\/p>\n\n\n\n<div id=\"uagb-team-23094e2e-b842-441f-ab1e-03fc24acb6a6\" class=\"wp-block-uagb-team uagb-team uagb-team__outer-wrap uagb-team__image-position-above uagb-team__align-center uagb-team__stack-tablet\">\n<div class=\"uagb-team__wrap\">\n<div class=\"uagb-team__content\">\n<div class=\"uagb-team__image-wrap uagb-team__image-crop-normal\">\u00a0<\/div>\n<div class=\"uagb-team__title-wrap\">\n<h3 class=\"uagb-team__title\">Dr. Carola Tausend<\/h3>\n<strong><span class=\"uagb-team__prefix\">2. Vorsitzende<\/span><\/strong><\/div>\n<div class=\"uagb-team__desc-wrap\">\n<p class=\"uagb-team__desc\">Geweckt wurde mein Interesse am Theater mit den M\u00e4rchenauff\u00fchrungen der Augsburger Puppenkiste. Dann durfte ich eine kleine Bubenrolle in den Augsburger Kammerspielen ( Tankred Dorst \/ &#8222;Unter dem Milchwald&#8220;) \u00fcbernehmen. Beim Kinderballett des &#8222;Zigeunerbaron&#8220; in der Augsburger Freilichtb\u00fchne\u00a0 war ich mit dabei.\u00a0<\/p>\n<p class=\"uagb-team__desc\">Sp\u00e4ter, als Mitglied des &#8222;Philharmonischen Chors F\u00fcrstenfeld&#8220;, \u00a0 zog ich bei einem der traditionellen Faschingskonzerte im Sparkassensaal als Pferdchen den &#8222;Fiaker&#8220; G\u00fcnther Mayr in den Wiener Prater; auch bei einigen Opernauff\u00fchrungen des Chores sang und spielte ich als Statistin begeistert mit. Damit war meine aktive Mitwirkung\u00a0 an\u00a0 Theaterauff\u00fchrungen zuende&#8230;<\/p>\n<p class=\"uagb-team__desc\">Aber Theater in all seinen vielf\u00e4ltigen Facetten hat mich immer irgendwie begleitet, unter anderem auch als langj\u00e4hrige Abonnentin der M\u00fcnchener Kammerspiele, als Besucherin von Kleinkunst- und Laienvorstellungen, vor allem auch der &#8222;Neuen B\u00fchne Bruck&#8220; und des &#8222;Theaters 5&#8220;.<\/p>\n<p class=\"uagb-team__desc\">Auch in meinem Beruf als\u00a0 Allgemein\u00e4rztin habe ich Gl\u00fccksmomente mit erleben k\u00f6nnen, bin aber auch mit Schwierigkeiten\u00a0 der menschlichen Existenz hautnah konfrontiert worden.<\/p>\n<p>Als Stadtr\u00e4tin (FW, 1993 -2008 ) konnte ich die Planung, den Bau und\u00a0 die Organisation des Veranstaltungsforums begleiten.<\/p>\n<p class=\"uagb-team__desc\">Als die Theater-Veranstaltungsreihe\u00a0 startete, war ich bald dabei. Hochwertige Gastspiele\u00a0 &#8222;live&#8220; und direkt vor unserer Haust\u00fcr in F\u00fcrstenfeld erleben zu k\u00f6nnen &#8211; gro\u00dfartig! &#8211; und im \u00fcbrigen auch komfortabler, als nach M\u00fcnchen fahren zu m\u00fcssen!<\/p>\n<p class=\"uagb-team__desc\">Heiner Brummel, der k\u00fcnstlerische Leiter der Theaterreihe stellt, wie ich finde, immer wieder ein abwechlungsreiches, anspruchsvolles, oft auch diskussionsw\u00fcrdiges Programm zusammen, echte &#8222;Highlights&#8220;.<\/p>\n<p>Seit 2019 bin\u00a0 ich zweite Vorsitzende des Theatervereins, dem\u00a0 F\u00f6rderverein f\u00fcr alle Theater- und Tanzbegeisterten in um um F\u00fcrstenfeldbruck. Vor allem m\u00f6chte ich mich um die Betreuung der Mitglieder und um die Webseite k\u00fcmmern.<\/p>\n<\/div>\n<p>\u00a0<\/p>\nDie Position des <strong>Schriftf\u00fchrers<\/strong> ist derzeit nicht besetzt.<\/div>\n<\/div>\n<\/div>\n<p>\u00a0<\/p>\n\n\n\n<h3 class=\"wp-block-heading\">Ursula Valier<\/h3>\n\n\n\n<p><strong>Kassenwart<\/strong><\/p>\n\n\n\n<div id=\"uagb-team-705c5e2e-4402-4e1c-9c71-32482bcf1a39\" class=\"wp-block-uagb-team uagb-team uagb-team__outer-wrap uagb-team__image-position-above uagb-team__align-center uagb-team__stack-tablet\">\n<div class=\"uagb-team__wrap\">\n<div class=\"uagb-team__content\">\n<div class=\"uagb-team__image-wrap uagb-team__image-crop-normal\">\u00a0<\/div>\n<div class=\"uagb-team__title-wrap\">\u00a0<\/div>\n<\/div>\n<\/div>\n<\/div>\n<div id=\"uagb-team-94ae1e21-6fbf-4a58-8342-278ba2c9327d\" class=\"wp-block-uagb-team uagb-team uagb-team__outer-wrap uagb-team__image-position-above uagb-team__align-center uagb-team__stack-tablet\">\n<div class=\"uagb-team__wrap\">\n<div class=\"uagb-team__content\">\n<div class=\"uagb-team__image-wrap uagb-team__image-crop-normal\">\u00a0<\/div>\n<div class=\"uagb-team__title-wrap\">\u00a0<\/div>\n<\/div>\n<\/div>\n<\/div>\n<div id=\"uagb-team-36da8655-1a8c-447f-9378-ef44bad66f33\" class=\"wp-block-uagb-team uagb-team uagb-team__outer-wrap uagb-team__image-position-above uagb-team__align-center uagb-team__stack-tablet\">\n<div class=\"uagb-team__wrap\">\n<div class=\"uagb-team__content\">\n<div class=\"uagb-team__desc-wrap\">\n<p class=\"uagb-team__desc\">\u00a0<\/p>\n<\/div>\n<\/div>\n<\/div>\n<\/div>\n<p>\u00a0<\/p>\n","protected":false},"excerpt":{"rendered":"<p>\u00a0 Dr. Klaus Liedel 1. Vorsitzender Anfang 2012, nachdem die ersten Vorstellungen der neu initiierten Theaterreihe im Veranstaltungsforum angelaufen waren, fanden sich einige Brucker B\u00fcrger zusammen, um einen Verein zu gr\u00fcnden, der sie unterst\u00fctzen sollte: Einen Platz f\u00fcr die Vorstellungen &hellip; <a href=\"https:\/\/theaterverein-ffb.de\/?page_id=121\">Weiterlesen <span class=\"meta-nav\">&rarr;<\/span><\/a><\/p>\n","protected":false},"author":1,"featured_media":0,"parent":420,"menu_order":0,"comment_status":"closed","ping_status":"closed","template":"","meta":{"footnotes":""},"_links":{"self":[{"href":"https:\/\/theaterverein-ffb.de\/index.php?rest_route=\/wp\/v2\/pages\/121"}],"collection":[{"href":"https:\/\/theaterverein-ffb.de\/index.php?rest_route=\/wp\/v2\/pages"}],"about":[{"href":"https:\/\/theaterverein-ffb.de\/index.php?rest_route=\/wp\/v2\/types\/page"}],"author":[{"embeddable":true,"href":"https:\/\/theaterverein-ffb.de\/index.php?rest_route=\/wp\/v2\/users\/1"}],"replies":[{"embeddable":true,"href":"https:\/\/theaterverein-ffb.de\/index.php?rest_route=%2Fwp%2Fv2%2Fcomments&post=121"}],"version-history":[{"count":39,"href":"https:\/\/theaterverein-ffb.de\/index.php?rest_route=\/wp\/v2\/pages\/121\/revisions"}],"predecessor-version":[{"id":933,"href":"https:\/\/theaterverein-ffb.de\/index.php?rest_route=\/wp\/v2\/pages\/121\/revisions\/933"}],"up":[{"embeddable":true,"href":"https:\/\/theaterverein-ffb.de\/index.php?rest_route=\/wp\/v2\/pages\/420"}],"wp:attachment":[{"href":"https:\/\/theaterverein-ffb.de\/index.php?rest_route=%2Fwp%2Fv2%2Fmedia&parent=121"}],"curies":[{"name":"wp","href":"https:\/\/api.w.org\/{rel}","templated":true}]}}